{"id":2956,"date":"2020-04-24T21:19:57","date_gmt":"2020-04-24T21:19:57","guid":{"rendered":"https:\/\/rentatec.mx\/?page_id=2956"},"modified":"2020-05-07T02:58:04","modified_gmt":"2020-05-07T02:58:04","slug":"privacy-policy","status":"publish","type":"page","link":"https:\/\/rentatec.mx\/en\/privacy-policy\/","title":{"rendered":"Aviso De Privacidad"},"content":{"rendered":"\n<h2 class=\"wp-block-heading\">Aviso De Privacidad<\/h2>\n\n\n\n<p>De conformidad con lo establecido en la Ley Federal de Protecci\u00f3n de Datos Personales, la oficina inmobiliaria que opera bajo el nombre comercial de&nbsp;RentaTEC Real Estate&nbsp;con domicilio en&nbsp;Av. Secretaria de Marina 32, Colonia Lomas de Chamizal, en Ciudad de M\u00e9xico&nbsp;en adelante&nbsp;&#8220;LA INMOBILIARIA&#8221;, podr\u00e1 solicitar por conducto de sus asesores inmobiliarios o personal administrativo a los propietarios de inmuebles, inversionistas y arrendatarios, que contraten sus servicios para la promoci\u00f3n en venta o renta de inmuebles, los documentos e informaci\u00f3n personal a los titulares, que enunciativa m\u00e1s no limitativamente se describen a continuaci\u00f3n: Escritura de compraventa o t\u00edtulo de propiedad con sellos del Registro P\u00fablico de la Propiedad, identificaci\u00f3n oficial con fotograf\u00eda, acta de matrimonio, boleta del pago del impuesto predial, boleta del pago de los servicios de agua, recibos de luz, tel\u00e9fono y mantenimiento, estados de cuentas bancarios o comerciales, datos generales del propietario y arrendatarios; cualquier otro requerido por&nbsp;&#8220;LA INMOBILIARIA&#8221;&nbsp;para la venta o renta del inmueble. La informaci\u00f3n y copias de los documentos antes indicados, quedar\u00e1n a resguardo en el domicilio de&nbsp;&#8220;LA INMOBILIARIA&#8221;&nbsp;quien se compromete adicionalmente a no revelarlos a ninguna persona ajena salvo autorizaci\u00f3n expresa del titular o cuando sea requerido por autoridad competente.<\/p>\n\n\n\n<p>Los documentos e informaci\u00f3n antes indicada solamente ser\u00e1n utilizados por&nbsp;&#8220;LA INMOBILIARIA&#8221;&nbsp;para efectos de verificar el estado jur\u00eddico que guarda el inmueble del titular, inform\u00e1ndole oportunamente cualquier situaci\u00f3n que pudiera afectar o entorpecer su libre transmisi\u00f3n o uso, y para efectos de la promoci\u00f3n en venta o renta de dicho inmueble.<\/p>\n\n\n\n<p>La confidencialidad de datos est\u00e1 garantizada para evitar acceso o divulgaci\u00f3n indebida, \u00fanicamente personas autorizadas tendr\u00e1n acceso a sus datos. Usted tiene el derecho de acceder, rectificar y cancelar sus datos personales, as\u00ed como oponerse al tratamiento de los mismos o revocar el consentimiento que para tal fin nos haya otorgado, presentando su solicitud por escrito al correo electr\u00f3nico&nbsp;direccion@rentatec.mx,&nbsp;atendiendo para tal efecto, los requisitos estipulados en la Ley Federal de Protecci\u00f3n de Datos Personales en Posesi\u00f3n de Particulares. Nos reservamos el derecho de realizar en cualquier momento modificaciones al presente aviso de privacidad, para la atenci\u00f3n de reformas legislativas, pol\u00edticas internas, o novedades en la prestaci\u00f3n u ofrecimiento de nuestros servicios por lo cual nos comprometemos a mantenerlo informado de la situaci\u00f3n a trav\u00e9s nuestra p\u00e1gina de internet:&nbsp;www.rentatec.mx<\/p>\n","protected":false},"excerpt":{"rendered":"<p>Aviso De Privacidad De conformidad con lo establecido en la Ley Federal de Protecci\u00f3n de Datos Personales, la oficina inmobiliaria que opera bajo el nombre comercial de&nbsp;RentaTEC Real Estate&nbsp;con domicilio en&nbsp;Av. Secretaria de Marina 32, Colonia Lomas de Chamizal, en Ciudad de M\u00e9xico&nbsp;en adelante&nbsp;&#8220;LA INMOBILIARIA&#8221;, podr\u00e1 solicitar por conducto de sus asesores inmobiliarios o personal &#8230;<\/p>\n","protected":false},"author":2,"featured_media":0,"parent":0,"menu_order":0,"comment_status":"closed","ping_status":"open","template":"terms_conditions.php","meta":{"om_disable_all_campaigns":false,"_mi_skip_tracking":false,"footnotes":""},"class_list":["post-2956","page","type-page","status-publish","hentry"],"jetpack_sharing_enabled":true,"jetpack_shortlink":"https:\/\/wp.me\/PbW5HU-LG","_links":{"self":[{"href":"https:\/\/rentatec.mx\/en\/wp-json\/wp\/v2\/pages\/2956","targetHints":{"allow":["GET"]}}],"collection":[{"href":"https:\/\/rentatec.mx\/en\/wp-json\/wp\/v2\/pages"}],"about":[{"href":"https:\/\/rentatec.mx\/en\/wp-json\/wp\/v2\/types\/page"}],"author":[{"embeddable":true,"href":"https:\/\/rentatec.mx\/en\/wp-json\/wp\/v2\/users\/2"}],"replies":[{"embeddable":true,"href":"https:\/\/rentatec.mx\/en\/wp-json\/wp\/v2\/comments?post=2956"}],"version-history":[{"count":3,"href":"https:\/\/rentatec.mx\/en\/wp-json\/wp\/v2\/pages\/2956\/revisions"}],"predecessor-version":[{"id":2977,"href":"https:\/\/rentatec.mx\/en\/wp-json\/wp\/v2\/pages\/2956\/revisions\/2977"}],"wp:attachment":[{"href":"https:\/\/rentatec.mx\/en\/wp-json\/wp\/v2\/media?parent=2956"}],"curies":[{"name":"wp","href":"https:\/\/api.w.org\/{rel}","templated":true}]}}