{"id":7,"date":"2020-04-29T18:02:30","date_gmt":"2020-04-29T18:02:30","guid":{"rendered":"https:\/\/rentatec.mx\/investments\/?page_id=7"},"modified":"2026-02-26T19:02:19","modified_gmt":"2026-02-26T19:02:19","slug":"inicio","status":"publish","type":"page","link":"https:\/\/rentatec.mx\/investments\/","title":{"rendered":"Inicio"},"content":{"rendered":"<p>[vc_row][vc_column][vc_column_text]<\/p>\n<h1>RENTATEC REAL ESTATE INVESTMENTS<\/h1>\n<p>[\/vc_column_text][vc_video link=\u00bbhttps:\/\/www.youtube.com\/watch?v=wShIO1J6PiA\u00bb][\/vc_column][\/vc_row][vc_row][vc_column][vc_column_text]<\/p>\n<p>RentaTEC Real Estate, ofrece inversiones con excelente retorno de inversi\u00f3n.<br \/>\nNuestra especialidad son pre-ventas de departamentos, terrenos y locales comerciales.<br \/>\nEn Estados Unidos nos especializamos en pre-ventas en clusters con alta plusval\u00eda principalmente en California, Texas y Florida.<br \/>\nCont\u00e1ctanos para recibir una asesor\u00eda de acuerdo a tus objetivos.<\/p>\n<p>[\/vc_column_text][\/vc_column][\/vc_row][vc_row][vc_column][\/vc_column][\/vc_row]<\/p>\n","protected":false},"excerpt":{"rendered":"<p>[vc_row][vc_column][vc_column_text] RENTATEC REAL ESTATE INVESTMENTS [\/vc_column_text][vc_video link=\u00bbhttps:\/\/www.youtube.com\/watch?v=wShIO1J6PiA\u00bb][\/vc_column][\/vc_row][vc_row][vc_column][vc_column_text] RentaTEC Real Estate, ofrece inversiones con excelente retorno de inversi\u00f3n. Nuestra especialidad son pre-ventas de departamentos, terrenos y locales comerciales. En Estados Unidos nos especializamos en pre-ventas en clusters con alta plusval\u00eda principalmente en California, Texas y Florida. Cont\u00e1ctanos para recibir una asesor\u00eda de acuerdo a tus objetivos. &#8230;<\/p>\n","protected":false},"author":3,"featured_media":0,"parent":0,"menu_order":0,"comment_status":"closed","ping_status":"closed","template":"","meta":{"om_disable_all_campaigns":false,"_mi_skip_tracking":false,"footnotes":""},"class_list":["post-7","page","type-page","status-publish","hentry"],"_links":{"self":[{"href":"https:\/\/rentatec.mx\/investments\/wp-json\/wp\/v2\/pages\/7","targetHints":{"allow":["GET"]}}],"collection":[{"href":"https:\/\/rentatec.mx\/investments\/wp-json\/wp\/v2\/pages"}],"about":[{"href":"https:\/\/rentatec.mx\/investments\/wp-json\/wp\/v2\/types\/page"}],"author":[{"embeddable":true,"href":"https:\/\/rentatec.mx\/investments\/wp-json\/wp\/v2\/users\/3"}],"replies":[{"embeddable":true,"href":"https:\/\/rentatec.mx\/investments\/wp-json\/wp\/v2\/comments?post=7"}],"version-history":[{"count":5,"href":"https:\/\/rentatec.mx\/investments\/wp-json\/wp\/v2\/pages\/7\/revisions"}],"predecessor-version":[{"id":67,"href":"https:\/\/rentatec.mx\/investments\/wp-json\/wp\/v2\/pages\/7\/revisions\/67"}],"wp:attachment":[{"href":"https:\/\/rentatec.mx\/investments\/wp-json\/wp\/v2\/media?parent=7"}],"curies":[{"name":"wp","href":"https:\/\/api.w.org\/{rel}","templated":true}]}}