{"id":7,"date":"2020-04-29T17:45:25","date_gmt":"2020-04-29T17:45:25","guid":{"rendered":"https:\/\/rentatec.mx\/property-management\/?page_id=7"},"modified":"2021-10-14T21:56:11","modified_gmt":"2021-10-14T21:56:11","slug":"inicio","status":"publish","type":"page","link":"https:\/\/rentatec.mx\/property-management\/","title":{"rendered":"Inicio"},"content":{"rendered":"\n<figure class=\"wp-block-embed is-type-video is-provider-youtube wp-block-embed-youtube wp-embed-aspect-16-9 wp-has-aspect-ratio\"><div class=\"wp-block-embed__wrapper\">\n<div class=\"video-container\"><iframe loading=\"lazy\" title=\"Invierte en Zona TEC en Monterrey N.L\" width=\"1778\" height=\"1000\" src=\"https:\/\/www.youtube.com\/embed\/f-dNUagzpkQ?feature=oembed\" frameborder=\"0\" allow=\"accelerometer; autoplay; clipboard-write; encrypted-media; gyroscope; picture-in-picture\" allowfullscreen><\/iframe><\/div>\n<\/div><\/figure>\n\n\n\n<p> RentaTEC Property Management, ofrece el servicio de administraci\u00f3n de propiedades.<\/p>\n\n\n\n<p> Nuestra especialidad son los departamentos y  locales comerciales.<\/p>\n\n\n\n<p>\nCont\u00e1ctanos\npara recibir una asesor\u00eda de acuerdo a tus necesidades.<\/p>\n\n\n\n                <div class='gf_browser_gecko gform_wrapper' id='gform_wrapper_1' ><form method='post' enctype='multipart\/form-data'  id='gform_1'  action='\/property-management\/wp-json\/wp\/v2\/pages\/7'>\n                        <div class='gform_heading'>\n                            <h3 class='gform_title'>RentaTEC Property Management<\/h3>\n                        <\/div>\n                        <div class='gform_body'><ul id='gform_fields_1' class='gform_fields top_label form_sublabel_below description_below'><li id='field_1_1' class='gfield gfield_contains_required field_sublabel_below field_description_below' ><label class='gfield_label gfield_label_before_complex' for='input_1_1_3' >Nombre<span class='gfield_required'>*<\/span><\/label><div class='ginput_complex ginput_container no_prefix has_first_name no_middle_name has_last_name no_suffix gf_name_has_2 ginput_container_name gfield_trigger_change' id='input_1_1'>\n                            \n                            <span id='input_1_1_3_container' class='name_first' >\n                                                    <input type='text' name='input_1.3' id='input_1_1_3' value='' aria-label='Nombre' tabindex='2'  aria-required=\"true\" aria-invalid=\"false\" \/>\n                                                    <label for='input_1_1_3' >Nombre<\/label>\n                                                <\/span>\n                            \n                            <span id='input_1_1_6_container' class='name_last' >\n                                                    <input type='text' name='input_1.6' id='input_1_1_6' value='' aria-label='Apellidos' tabindex='4'  aria-required=\"true\" aria-invalid=\"false\" \/>\n                                                    <label for='input_1_1_6' >Apellidos<\/label>\n                                                <\/span>\n                            \n                        <\/div><\/li><li id='field_1_2' class='gfield gfield_contains_required field_sublabel_below field_description_below' ><label class='gfield_label' for='input_1_2' >Email<span class='gfield_required'>*<\/span><\/label><div class='ginput_container ginput_container_email'>\n                            <input name='input_2' id='input_1_2' type='text' value='' class='medium' tabindex='6'   \/>\n                        <\/div><\/li><li id='field_1_3' class='gfield tel-code-country gfield_contains_required field_sublabel_below field_description_below' ><label class='gfield_label' for='input_1_3' >C\u00f3digo de pa\u00eds<span class='gfield_required'>*<\/span><\/label><div class='ginput_container ginput_container_phone'><input name='input_3' id='input_1_3' type='text' value='' class='medium' tabindex='7'   aria-required=\"true\" aria-invalid=\"false\" \/><\/div><\/li><li id='field_1_5' class='gfield tel-country gfield_contains_required field_sublabel_below field_description_below' ><label class='gfield_label' for='input_1_5' >Tel\u00e9fono<span class='gfield_required'>*<\/span><\/label><div class='ginput_container ginput_container_phone'><input name='input_5' id='input_1_5' type='text' value='' class='medium' tabindex='8'   aria-required=\"true\" aria-invalid=\"false\" \/><\/div><\/li><li id='field_1_4' class='gfield field_sublabel_below field_description_below' ><label class='gfield_label' for='input_1_4' >Tipo y ubicaci\u00f3n de mi propiedad.<\/label><div class='ginput_container ginput_container_text'><input name='input_4' id='input_1_4' type='text' value='' class='medium'  tabindex='9'    aria-invalid=\"false\" \/><\/div><\/li>\n                            <\/ul><\/div>\n        <div class='gform_footer top_label'> <input type='submit' id='gform_submit_button_1' class='gform_button button' value='Enviar' tabindex='10' onclick='if(window[\"gf_submitting_1\"]){return false;}  window[\"gf_submitting_1\"]=true;  ' onkeypress='if( event.keyCode == 13 ){ if(window[\"gf_submitting_1\"]){return false;} window[\"gf_submitting_1\"]=true;  jQuery(\"#gform_1\").trigger(\"submit\",[true]); }' \/> \n            <input type='hidden' class='gform_hidden' name='is_submit_1' value='1' \/>\n            <input type='hidden' class='gform_hidden' name='gform_submit' value='1' \/>\n            \n            <input type='hidden' class='gform_hidden' name='gform_unique_id' value='' \/>\n            <input type='hidden' class='gform_hidden' name='state_1' value='WyJbXSIsImE2YTAxNWFhOTU2ZTk4M2M0M2QzNDkzZDUzMThkZWVlIl0=' \/>\n            <input type='hidden' class='gform_hidden' name='gform_target_page_number_1' id='gform_target_page_number_1' value='0' \/>\n            <input type='hidden' class='gform_hidden' name='gform_source_page_number_1' id='gform_source_page_number_1' value='1' \/>\n            <input type='hidden' name='gform_field_values' value='' \/>\n            \n        <\/div>\n                        <\/form>\n                        <\/div><script type='text\/javascript'> jQuery(document).bind('gform_post_render', function(event, formId, currentPage){if(formId == 1) {} } );jQuery(document).bind('gform_post_conditional_logic', function(event, formId, fields, isInit){} );<\/script><script type='text\/javascript'> jQuery(document).ready(function(){jQuery(document).trigger('gform_post_render', [1, 1]) } ); <\/script>\n\n\n\n<p><\/p>\n","protected":false},"excerpt":{"rendered":"<p>RentaTEC Property Management, ofrece el servicio de administraci\u00f3n de propiedades. Nuestra especialidad son los departamentos y locales comerciales. Cont\u00e1ctanos para recibir una asesor\u00eda de acuerdo a tus necesidades.<\/p>\n","protected":false},"author":3,"featured_media":0,"parent":0,"menu_order":0,"comment_status":"closed","ping_status":"closed","template":"","meta":{"om_disable_all_campaigns":false,"_mi_skip_tracking":false,"footnotes":""},"class_list":["post-7","page","type-page","status-publish","hentry"],"_links":{"self":[{"href":"https:\/\/rentatec.mx\/property-management\/wp-json\/wp\/v2\/pages\/7","targetHints":{"allow":["GET"]}}],"collection":[{"href":"https:\/\/rentatec.mx\/property-management\/wp-json\/wp\/v2\/pages"}],"about":[{"href":"https:\/\/rentatec.mx\/property-management\/wp-json\/wp\/v2\/types\/page"}],"author":[{"embeddable":true,"href":"https:\/\/rentatec.mx\/property-management\/wp-json\/wp\/v2\/users\/3"}],"replies":[{"embeddable":true,"href":"https:\/\/rentatec.mx\/property-management\/wp-json\/wp\/v2\/comments?post=7"}],"version-history":[{"count":4,"href":"https:\/\/rentatec.mx\/property-management\/wp-json\/wp\/v2\/pages\/7\/revisions"}],"predecessor-version":[{"id":41,"href":"https:\/\/rentatec.mx\/property-management\/wp-json\/wp\/v2\/pages\/7\/revisions\/41"}],"wp:attachment":[{"href":"https:\/\/rentatec.mx\/property-management\/wp-json\/wp\/v2\/media?parent=7"}],"curies":[{"name":"wp","href":"https:\/\/api.w.org\/{rel}","templated":true}]}}