{"id":7,"date":"2020-04-29T16:57:39","date_gmt":"2020-04-29T16:57:39","guid":{"rendered":"https:\/\/rentatec.mx\/workwithus\/?page_id=7"},"modified":"2020-04-30T17:27:19","modified_gmt":"2020-04-30T17:27:19","slug":"inicio","status":"publish","type":"page","link":"https:\/\/rentatec.mx\/workwithus\/","title":{"rendered":"Inicio"},"content":{"rendered":"<p>[vc_row][vc_column][\/vc_column][\/vc_row][vc_row][vc_column][vc_row_inner][vc_column_inner width=\u00bb1\/3&#8243;][vc_widget_sidebar][vc_single_image image=\u00bb21&#8243; img_size=\u00bbfull\u00bb style=\u00bbvc_box_shadow\u00bb css_animation=\u00bbfadeIn\u00bb][\/vc_column_inner][vc_column_inner width=\u00bb2\/3&#8243;][vc_column_text]<\/p>\n<h1>\u00danete a Nuestro Equipo<\/h1>\n<p>En RentaTEC Real Estate, ofrecemos oportunidades de desarrollo para profesionistas que desean formar parte de un equipo que busca trabajar por objetivos, maximizando su esp\u00edritu de servicio al cliente.<\/p>\n<p>Nuestro perfil es:<\/p>\n<ul>\n<li>Profesionista<\/li>\n<li>Biling\u00fce<\/li>\n<li>Orientado a objetivos<\/li>\n<li>\u00c9tico<\/li>\n<\/ul>\n<p>[\/vc_column_text][\/vc_column_inner][\/vc_row_inner][\/vc_column][\/vc_row][vc_row][vc_column]\n                <div class='gf_browser_gecko gform_wrapper' id='gform_wrapper_1' style='display:none'><form method='post' enctype='multipart\/form-data'  id='gform_1'  action='\/workwithus\/wp-json\/wp\/v2\/pages\/7'>\n                        <div class='gform_heading'>\n                            <span class='gform_description'>Formato para solicitar ser parte del equipo de LEASING AGENT  o MKT de RentaTEC.<\/span>\n                        <\/div>\n                        <div class='gform_body'><ul id='gform_fields_1' class='gform_fields top_label form_sublabel_below description_below'><li id='field_1_1' class='gfield gfield_contains_required field_sublabel_below field_description_below' ><label class='gfield_label gfield_label_before_complex' for='input_1_1_3' >Nombre Completo<span class='gfield_required'>*<\/span><\/label><div class='ginput_complex ginput_container no_prefix has_first_name no_middle_name has_last_name no_suffix gf_name_has_2 ginput_container_name gfield_trigger_change' id='input_1_1'>\n                            \n                            <span id='input_1_1_3_container' class='name_first' >\n                                                    <input type='text' name='input_1.3' id='input_1_1_3' value='' aria-label='Nombre' tabindex='2'  aria-required=\"true\" aria-invalid=\"false\" \/>\n                                                    <label for='input_1_1_3' >Nombre<\/label>\n                                                <\/span>\n                            \n                            <span id='input_1_1_6_container' class='name_last' >\n                                                    <input type='text' name='input_1.6' id='input_1_1_6' value='' aria-label='Apellidos' tabindex='4'  aria-required=\"true\" aria-invalid=\"false\" \/>\n                                                    <label for='input_1_1_6' >Apellidos<\/label>\n                                                <\/span>\n                            \n                        <\/div><\/li><li id='field_1_28' class='gfield gfield_contains_required field_sublabel_below field_description_below' ><label class='gfield_label' for='input_1_28' >Correo electr\u00f3nico<span class='gfield_required'>*<\/span><\/label><div class='ginput_container ginput_container_email'>\n                            <input name='input_28' id='input_1_28' type='text' value='' class='medium' tabindex='6'   \/>\n                        <\/div><\/li><li id='field_1_2' class='gfield field_sublabel_below field_description_below' ><label class='gfield_label' for='input_1_2' >G\u00e9nero<\/label><div class='ginput_container ginput_container_select'><select name='input_2' id='input_1_2'  class='medium gfield_select' tabindex='7'   aria-invalid=\"false\"><option value='Male' >Masculino<\/option><option value='Female' >Femenino<\/option><option value='Prefer Not to Answer' >Prefiero no responder<\/option><\/select><\/div><\/li><li id='field_1_3' class='gfield field_sublabel_below field_description_below' ><label class='gfield_label' for='input_1_3' >Escolaridad<\/label><div class='ginput_container ginput_container_select'><select name='input_3' id='input_1_3'  class='medium gfield_select' tabindex='8'   aria-invalid=\"false\"><option value='High School Graduate or Equivalent' >Bachillerato o equivalente<\/option><option value='Trade or Vocational Degree' >Grado Comercial o Profesional<\/option><\/select><\/div><\/li><li id='field_1_4' class='gfield tel-code-country gfield_contains_required field_sublabel_below field_description_below' ><label class='gfield_label' for='input_1_4' >C\u00f3digo de pa\u00eds<span class='gfield_required'>*<\/span><\/label><div class='ginput_container ginput_container_phone'><input name='input_4' id='input_1_4' type='text' value='' class='medium' tabindex='9'   aria-required=\"true\" aria-invalid=\"false\" \/><\/div><\/li><li id='field_1_29' class='gfield tel-country gfield_contains_required field_sublabel_below field_description_below' ><label class='gfield_label' for='input_1_29' >N\u00famero de WhatsAPP<span class='gfield_required'>*<\/span><\/label><div class='ginput_container ginput_container_phone'><input name='input_29' id='input_1_29' type='text' value='' class='medium' tabindex='10'   aria-required=\"true\" aria-invalid=\"false\" \/><\/div><\/li><li id='field_1_5' class='gfield field_sublabel_below field_description_below' ><label class='gfield_label' for='input_1_5' >Edad<\/label><div class='ginput_container ginput_container_select'><select name='input_5' id='input_1_5'  class='medium gfield_select' tabindex='11'   aria-invalid=\"false\"><option value='Under 18' >Debajo 18<\/option><option value='18-24' >18-24<\/option><option value='25-34' >25-34<\/option><option value='35-44' >35-44<\/option><option value='45-54' >45-54<\/option><option value='55-64' >55-64<\/option><option value='65 or Above' >65 or Above<\/option><\/select><\/div><\/li><li id='field_1_6' class='gfield field_sublabel_below field_description_below' ><label class='gfield_label gfield_label_before_complex' for='input_1_6_1' >Direcci\u00f3n en Mexico<\/label>    \n                    <div class='ginput_complex ginput_container has_street has_street2 has_city has_state has_zip ginput_container_address gfield_trigger_change' id='input_1_6' >\n                         <span class='ginput_full address_line_1' id='input_1_6_1_container' >\n                                        <input type='text' name='input_6.1' id='input_1_6_1' value='' tabindex='12'  \/>\n                                        <label for='input_1_6_1' id='input_1_6_1_label' >Direcci\u00f3n<\/label>\n                                    <\/span><span class='ginput_full address_line_2' id='input_1_6_2_container' >\n                                        <input type='text' name='input_6.2' id='input_1_6_2' value='' tabindex='13'  \/>\n                                        <label for='input_1_6_2' id='input_1_6_2_label' >Direcci\u00f3n 2<\/label>\n                                    <\/span><span class='ginput_left address_city' id='input_1_6_3_container' >\n                                    <input type='text' name='input_6.3' id='input_1_6_3' value='' tabindex='14'  \/>\n                                    <label for='input_1_6_3' id='input_1_6_3_label' >Ciudad<\/label>\n                                 <\/span><span class='ginput_right address_state' id='input_1_6_4_container' >\n                                        <input type='text' name='input_6.4' id='input_1_6_4' value='' tabindex='16'    \/>\n                                        <label for='input_1_6_4' id='input_1_6_4_label' >Estado \/ Provincia \/ Regi\u00f3n<\/label>\n                                      <\/span><span class='ginput_left address_zip' id='input_1_6_5_container' >\n                                    <input type='text' name='input_6.5' id='input_1_6_5' value='' tabindex='17'  \/>\n                                    <label for='input_1_6_5' id='input_1_6_5_label' >ZIP \/ C\u00f3digo Postal<\/label>\n                                <\/span><input type='hidden' class='gform_hidden' name='input_6.6' id='input_1_6_6' value='M\u00e9jico'\/>\n                    <div class='gf_clear gf_clear_complex'><\/div>\n                <\/div><\/li><li id='field_1_27' class='gfield field_sublabel_below field_description_below' ><label class='gfield_label' for='input_1_27' >Adjunte su INE o Pasaporte<\/label><div class='ginput_container ginput_container_fileupload'><input type='hidden' name='MAX_FILE_SIZE' value='536870912' \/><input name='input_27' id='input_1_27' type='file' class='medium' aria-describedby='extensions_message' onchange='javascript:gformValidateFileSize( this, 536870912 );' tabindex='18' \/><span id='extensions_message' class='screen-reader-text'><\/span><div class='validation_message'><\/div><\/div><\/li><li id='field_1_8' class='gfield field_sublabel_below field_description_below' ><label class='gfield_label' for='input_1_8' >\u00bfPor qu\u00e9 te gustar\u00eda unirte a nuestro equipo?  y \u00bfC\u00f3mo te enteraste de esta oportunidad?<\/label><div class='ginput_container'><textarea name='input_8' id='input_1_8' class='textarea medium' tabindex='19'    aria-invalid=\"false\"   rows='10' cols='50'><\/textarea><\/div><\/li><li id='field_1_9' class='gfield field_sublabel_below field_description_below' ><label class='gfield_label' for='input_1_9' >\u00bfEres estudiante?<\/label><div class='ginput_container ginput_container_select'><select name='input_9' id='input_1_9' onchange='gf_apply_rules(1,[11,14,15,16,17,18,19,21,22,23,24,25,26]);' class='medium gfield_select' tabindex='20'   aria-invalid=\"false\"><option value='si' >si<\/option><option value='no' >no<\/option><\/select><\/div><\/li><li id='field_1_10' class='gfield field_sublabel_below field_description_below' ><label class='gfield_label' for='input_1_10' >Nivel de ingl\u00e9s y otros idiomas<\/label><div class='ginput_container ginput_container_select'><select name='input_10' id='input_1_10'  class='medium gfield_select' tabindex='21'   aria-invalid=\"false\"><option value='Biling\u00fce' >Biling\u00fce<\/option><option value='No soy bilingue' >No soy bilingue<\/option><option value='Hablo un tercer o cuarto idioma' >Hablo un tercer o cuarto idioma<\/option><\/select><\/div><\/li><li id='field_1_11' class='gfield gfield_contains_required field_sublabel_below field_description_below' ><label class='gfield_label' for='input_1_11' >Carrera que estudias<span class='gfield_required'>*<\/span><\/label><div class='ginput_container ginput_container_text'><input name='input_11' id='input_1_11' type='text' value='' class='medium'  tabindex='22'   aria-required=\"true\" aria-invalid=\"false\" \/><\/div><\/li><li id='field_1_14' class='gfield gfield_contains_required field_sublabel_below field_description_below' ><label class='gfield_label' for='input_1_14' >Promedio acumulado en tus estudios<span class='gfield_required'>*<\/span><\/label><div class='ginput_container ginput_container_select'><select name='input_14' id='input_1_14'  class='medium gfield_select' tabindex='23'  aria-required=\"true\" aria-invalid=\"false\"><option value='70-75' >70-75<\/option><option value='75-80' >75-80<\/option><option value='80-85' >80-85<\/option><option value='85-100' >85-90<\/option><option value='90-95' >90-95<\/option><\/select><\/div><\/li><li id='field_1_15' class='gfield gfield_contains_required field_sublabel_below field_description_below' ><label class='gfield_label' for='input_1_15' >Semestre que estudias<span class='gfield_required'>*<\/span><\/label><div class='ginput_container ginput_container_select'><select name='input_15' id='input_1_15'  class='medium gfield_select' tabindex='24'  aria-required=\"true\" aria-invalid=\"false\"><option value='1-2 semester' >1-2 semestre<\/option><option value='3-4 semester' >3-4 semestre<\/option><option value='5-8' >5-8<\/option><option value='other' >Otro<\/option><\/select><\/div><\/li><li id='field_1_16' class='gfield gfield_contains_required field_sublabel_below field_description_below' ><label class='gfield_label' for='input_1_16' >Adjunta tu ID de universidad<span class='gfield_required'>*<\/span><\/label><div class='ginput_container ginput_container_fileupload'><input type='hidden' name='MAX_FILE_SIZE' value='536870912' \/><input name='input_16' id='input_1_16' type='file' class='medium' aria-describedby='extensions_message' onchange='javascript:gformValidateFileSize( this, 536870912 );' tabindex='25' \/><span id='extensions_message' class='screen-reader-text'><\/span><div class='validation_message'><\/div><\/div><\/li><li id='field_1_17' class='gfield gfield_contains_required field_sublabel_below field_description_below' ><label class='gfield_label' for='input_1_17' >Correo electr\u00f3nico de profesor que otorga referencias<span class='gfield_required'>*<\/span><\/label><div class='ginput_container ginput_container_text'><input name='input_17' id='input_1_17' type='text' value='' class='medium'  tabindex='26'   aria-required=\"true\" aria-invalid=\"false\" \/><\/div><\/li><li id='field_1_18' class='gfield gfield_contains_required field_sublabel_below field_description_below' ><label class='gfield_label' for='input_1_18' >Describe brevemente tus fortalezas<span class='gfield_required'>*<\/span><\/label><div class='ginput_container'><textarea name='input_18' id='input_1_18' class='textarea medium' tabindex='27'   aria-required=\"true\" aria-invalid=\"false\"   rows='10' cols='50'><\/textarea><\/div><\/li><li id='field_1_19' class='gfield field_sublabel_below field_description_below' ><label class='gfield_label' for='input_1_19' >Menciona tus actividades extracad\u00e9micas<\/label><div class='ginput_container ginput_container_text'><input name='input_19' id='input_1_19' type='text' value='' class='medium'  tabindex='28'    aria-invalid=\"false\" \/><\/div><\/li><li id='field_1_21' class='gfield gfield_contains_required field_sublabel_below field_description_below' ><label class='gfield_label' for='input_1_21' >\u00bfExperiencia en Bienes ra\u00edces?<span class='gfield_required'>*<\/span><\/label><div class='ginput_container ginput_container_select'><select name='input_21' id='input_1_21'  class='medium gfield_select' tabindex='29'  aria-required=\"true\" aria-invalid=\"false\"><option value='YES' >YES<\/option><option value='NO' >NO<\/option><\/select><\/div><\/li><li id='field_1_22' class='gfield gfield_contains_required field_sublabel_below field_description_below' ><label class='gfield_label' for='input_1_22' >Describe tus fortalezas<span class='gfield_required'>*<\/span><\/label><div class='ginput_container ginput_container_text'><input name='input_22' id='input_1_22' type='text' value='' class='medium'  tabindex='30'   aria-required=\"true\" aria-invalid=\"false\" \/><\/div><\/li><li id='field_1_23' class='gfield gfield_contains_required field_sublabel_below field_description_below' ><label class='gfield_label' for='input_1_23' >Si trabajo en Real Estate.  Describe tu experiencia en Real Estate<span class='gfield_required'>*<\/span><\/label><div class='ginput_container ginput_container_text'><input name='input_23' id='input_1_23' type='text' value='' class='medium'  tabindex='31'   aria-required=\"true\" aria-invalid=\"false\" \/><\/div><\/li><li id='field_1_24' class='gfield gfield_contains_required field_sublabel_below field_description_below' ><label class='gfield_label' for='input_1_24' >Proporciona dos referencias personales<span class='gfield_required'>*<\/span><\/label><div class='ginput_container ginput_container_text'><input name='input_24' id='input_1_24' type='text' value='' class='medium'  tabindex='32'   aria-required=\"true\" aria-invalid=\"false\" \/><\/div><\/li><li id='field_1_25' class='gfield field_sublabel_below field_description_below' ><label class='gfield_label' for='input_1_25' >Disponibilidad de horario<\/label><div class='ginput_container ginput_container_select'><select name='input_25' id='input_1_25'  class='medium gfield_select' tabindex='33'   aria-invalid=\"false\"><option value='De 8 a 12' >De 8 a 12<\/option><option value='De 12 a 4' >De 12 a 4<\/option><option value='De 4 a 8' >De 4 a 8<\/option><option value='Sin restricciones de horario' >Sin restricciones de horario<\/option><\/select><\/div><\/li><li id='field_1_26' class='gfield gfield_contains_required field_sublabel_below field_description_below' ><label class='gfield_label' for='input_1_26' >Adjunta tu Curriculum Vitae<span class='gfield_required'>*<\/span><\/label><div class='ginput_container ginput_container_fileupload'><input type='hidden' name='MAX_FILE_SIZE' value='536870912' \/><input name='input_26' id='input_1_26' type='file' class='medium' aria-describedby='extensions_message' onchange='javascript:gformValidateFileSize( this, 536870912 );' tabindex='34' \/><span id='extensions_message' class='screen-reader-text'><\/span><div class='validation_message'><\/div><\/div><\/li>\n                            <\/ul><\/div>\n        <div class='gform_footer top_label'> <input type='submit' id='gform_submit_button_1' class='gform_button button' value='Enviar' tabindex='35' onclick='if(window[\"gf_submitting_1\"]){return false;}  window[\"gf_submitting_1\"]=true;  ' onkeypress='if( event.keyCode == 13 ){ if(window[\"gf_submitting_1\"]){return false;} window[\"gf_submitting_1\"]=true;  jQuery(\"#gform_1\").trigger(\"submit\",[true]); }' \/> \n            <input type='hidden' class='gform_hidden' name='is_submit_1' value='1' \/>\n            <input type='hidden' class='gform_hidden' name='gform_submit' value='1' \/>\n            \n            <input type='hidden' class='gform_hidden' name='gform_unique_id' value='' \/>\n            <input type='hidden' class='gform_hidden' name='state_1' value='WyJbXSIsImE2YTAxNWFhOTU2ZTk4M2M0M2QzNDkzZDUzMThkZWVlIl0=' \/>\n            <input type='hidden' class='gform_hidden' name='gform_target_page_number_1' id='gform_target_page_number_1' value='0' \/>\n            <input type='hidden' class='gform_hidden' name='gform_source_page_number_1' id='gform_source_page_number_1' value='1' \/>\n            <input type='hidden' name='gform_field_values' value='' \/>\n            \n        <\/div>\n                        <\/form>\n                        <\/div><script type='text\/javascript'> if(typeof gf_global == 'undefined') var gf_global = {\"gf_currency_config\":{\"name\":\"Peso Mexicano\",\"symbol_left\":\"$\",\"symbol_right\":\"\",\"symbol_padding\":\" \",\"thousand_separator\":\",\",\"decimal_separator\":\".\",\"decimals\":2},\"base_url\":\"https:\\\/\\\/rentatec.mx\\\/workwithus\\\/wp-content\\\/plugins\\\/gravityforms\",\"number_formats\":[],\"spinnerUrl\":\"https:\\\/\\\/rentatec.mx\\\/workwithus\\\/wp-content\\\/plugins\\\/gravityforms\\\/images\\\/spinner.gif\"};jQuery(document).bind('gform_post_render', function(event, formId, currentPage){if(formId == 1) {gf_global[\"number_formats\"][1] = {\"1\":{\"price\":false,\"value\":false},\"28\":{\"price\":false,\"value\":false},\"2\":{\"price\":false,\"value\":false},\"3\":{\"price\":false,\"value\":false},\"4\":{\"price\":false,\"value\":false},\"29\":{\"price\":false,\"value\":false},\"5\":{\"price\":false,\"value\":false},\"6\":{\"price\":false,\"value\":false},\"27\":{\"price\":false,\"value\":false},\"8\":{\"price\":false,\"value\":false},\"9\":{\"price\":false,\"value\":false},\"10\":{\"price\":false,\"value\":false},\"11\":{\"price\":false,\"value\":false},\"14\":{\"price\":false,\"value\":false},\"15\":{\"price\":false,\"value\":false},\"16\":{\"price\":false,\"value\":false},\"17\":{\"price\":false,\"value\":false},\"18\":{\"price\":false,\"value\":false},\"19\":{\"price\":false,\"value\":false},\"21\":{\"price\":false,\"value\":false},\"22\":{\"price\":false,\"value\":false},\"23\":{\"price\":false,\"value\":false},\"24\":{\"price\":false,\"value\":false},\"25\":{\"price\":false,\"value\":false},\"26\":{\"price\":false,\"value\":false}};if(window['jQuery']){if(!window['gf_form_conditional_logic'])window['gf_form_conditional_logic'] = new Array();window['gf_form_conditional_logic'][1] = { logic: { 11: {\"field\":{\"actionType\":\"show\",\"logicType\":\"all\",\"rules\":[{\"fieldId\":\"9\",\"operator\":\"is\",\"value\":\"si\"}]},\"nextButton\":null,\"section\":null},14: {\"field\":{\"actionType\":\"show\",\"logicType\":\"all\",\"rules\":[{\"fieldId\":\"9\",\"operator\":\"is\",\"value\":\"si\"}]},\"nextButton\":null,\"section\":null},15: {\"field\":{\"actionType\":\"show\",\"logicType\":\"all\",\"rules\":[{\"fieldId\":\"9\",\"operator\":\"is\",\"value\":\"si\"}]},\"nextButton\":null,\"section\":null},16: {\"field\":{\"actionType\":\"show\",\"logicType\":\"all\",\"rules\":[{\"fieldId\":\"9\",\"operator\":\"is\",\"value\":\"si\"}]},\"nextButton\":null,\"section\":null},17: {\"field\":{\"actionType\":\"show\",\"logicType\":\"all\",\"rules\":[{\"fieldId\":\"9\",\"operator\":\"is\",\"value\":\"si\"}]},\"nextButton\":null,\"section\":null},18: {\"field\":{\"actionType\":\"show\",\"logicType\":\"all\",\"rules\":[{\"fieldId\":\"9\",\"operator\":\"is\",\"value\":\"si\"}]},\"nextButton\":null,\"section\":null},19: {\"field\":{\"actionType\":\"show\",\"logicType\":\"all\",\"rules\":[{\"fieldId\":\"9\",\"operator\":\"is\",\"value\":\"si\"}]},\"nextButton\":null,\"section\":null},21: {\"field\":{\"actionType\":\"show\",\"logicType\":\"all\",\"rules\":[{\"fieldId\":\"9\",\"operator\":\"is\",\"value\":\"no\"}]},\"nextButton\":null,\"section\":null},22: {\"field\":{\"actionType\":\"show\",\"logicType\":\"all\",\"rules\":[{\"fieldId\":\"9\",\"operator\":\"is\",\"value\":\"no\"}]},\"nextButton\":null,\"section\":null},23: {\"field\":{\"actionType\":\"show\",\"logicType\":\"all\",\"rules\":[{\"fieldId\":\"9\",\"operator\":\"is\",\"value\":\"no\"}]},\"nextButton\":null,\"section\":null},24: {\"field\":{\"actionType\":\"show\",\"logicType\":\"all\",\"rules\":[{\"fieldId\":\"9\",\"operator\":\"is\",\"value\":\"no\"}]},\"nextButton\":null,\"section\":null},25: {\"field\":{\"actionType\":\"show\",\"logicType\":\"all\",\"rules\":[{\"fieldId\":\"9\",\"operator\":\"is\",\"value\":\"no\"}]},\"nextButton\":null,\"section\":null},26: {\"field\":{\"actionType\":\"show\",\"logicType\":\"all\",\"rules\":[{\"fieldId\":\"9\",\"operator\":\"is\",\"value\":\"no\"}]},\"nextButton\":null,\"section\":null} }, dependents: { 11: [11],14: [14],15: [15],16: [16],17: [17],18: [18],19: [19],21: [21],22: [22],23: [23],24: [24],25: [25],26: [26] }, animation: 0, defaults: {\"1\":{\"1.2\":\"\",\"1.3\":\"\",\"1.4\":\"\",\"1.6\":\"\",\"1.8\":\"\"},\"6\":{\"6.1\":\"\",\"6.2\":\"\",\"6.3\":\"\",\"6.4\":\"\",\"6.5\":\"\",\"6.6\":\"M\\u00e9jico\"}}, fields: {\"1\":[],\"28\":[],\"2\":[],\"3\":[],\"4\":[],\"29\":[],\"5\":[],\"6\":[],\"27\":[],\"8\":[],\"9\":[11,14,15,16,17,18,19,21,22,23,24,25,26],\"10\":[],\"11\":[],\"14\":[],\"15\":[],\"16\":[],\"17\":[],\"18\":[],\"19\":[],\"21\":[],\"22\":[],\"23\":[],\"24\":[],\"25\":[],\"26\":[]} }; if(!window['gf_number_format'])window['gf_number_format'] = 'decimal_comma';jQuery(document).ready(function(){gf_apply_rules(1, [11,14,15,16,17,18,19,21,22,23,24,25,26], true);jQuery('#gform_wrapper_1').show();jQuery(document).trigger('gform_post_conditional_logic', [1, null, true]);} );} } } );jQuery(document).bind('gform_post_conditional_logic', function(event, formId, fields, isInit){} );<\/script><script type='text\/javascript'> jQuery(document).ready(function(){jQuery(document).trigger('gform_post_render', [1, 1]) } ); <\/script>[\/vc_column][\/vc_row]<\/p>\n","protected":false},"excerpt":{"rendered":"<p>[vc_row][vc_column][\/vc_column][\/vc_row][vc_row][vc_column][vc_row_inner][vc_column_inner width=\u00bb1\/3&#8243;][vc_widget_sidebar][vc_single_image image=\u00bb21&#8243; img_size=\u00bbfull\u00bb style=\u00bbvc_box_shadow\u00bb css_animation=\u00bbfadeIn\u00bb][\/vc_column_inner][vc_column_inner width=\u00bb2\/3&#8243;][vc_column_text] \u00danete a Nuestro Equipo En RentaTEC Real Estate, ofrecemos oportunidades de desarrollo para profesionistas que desean formar parte de un equipo que busca trabajar por objetivos, maximizando su esp\u00edritu de servicio al cliente. Nuestro perfil es: Profesionista Biling\u00fce Orientado a objetivos \u00c9tico [\/vc_column_text][\/vc_column_inner][\/vc_row_inner][\/vc_column][\/vc_row][vc_row][vc_column][\/vc_column][\/vc_row]<\/p>\n","protected":false},"author":3,"featured_media":0,"parent":0,"menu_order":0,"comment_status":"closed","ping_status":"closed","template":"","meta":{"om_disable_all_campaigns":false,"_mi_skip_tracking":false,"footnotes":""},"class_list":["post-7","page","type-page","status-publish","hentry"],"_links":{"self":[{"href":"https:\/\/rentatec.mx\/workwithus\/wp-json\/wp\/v2\/pages\/7","targetHints":{"allow":["GET"]}}],"collection":[{"href":"https:\/\/rentatec.mx\/workwithus\/wp-json\/wp\/v2\/pages"}],"about":[{"href":"https:\/\/rentatec.mx\/workwithus\/wp-json\/wp\/v2\/types\/page"}],"author":[{"embeddable":true,"href":"https:\/\/rentatec.mx\/workwithus\/wp-json\/wp\/v2\/users\/3"}],"replies":[{"embeddable":true,"href":"https:\/\/rentatec.mx\/workwithus\/wp-json\/wp\/v2\/comments?post=7"}],"version-history":[{"count":4,"href":"https:\/\/rentatec.mx\/workwithus\/wp-json\/wp\/v2\/pages\/7\/revisions"}],"predecessor-version":[{"id":22,"href":"https:\/\/rentatec.mx\/workwithus\/wp-json\/wp\/v2\/pages\/7\/revisions\/22"}],"wp:attachment":[{"href":"https:\/\/rentatec.mx\/workwithus\/wp-json\/wp\/v2\/media?parent=7"}],"curies":[{"name":"wp","href":"https:\/\/api.w.org\/{rel}","templated":true}]}}